{"id":172,"date":"2025-12-31T16:40:34","date_gmt":"2025-12-31T16:40:34","guid":{"rendered":"https:\/\/liyumei.art\/?page_id=172"},"modified":"2025-12-31T17:08:56","modified_gmt":"2025-12-31T17:08:56","slug":"art","status":"publish","type":"page","link":"https:\/\/liyumei.art\/?page_id=172","title":{"rendered":"Comissions"},"content":{"rendered":"<p>[et_pb_section fb_built=&#8221;1&#8243; theme_builder_area=&#8221;post_content&#8221; _builder_version=&#8221;4.27.5&#8243; _module_preset=&#8221;default&#8221; hover_enabled=&#8221;0&#8243; sticky_enabled=&#8221;0&#8243;][et_pb_row _builder_version=&#8221;4.27.5&#8243; _module_preset=&#8221;default&#8221; theme_builder_area=&#8221;post_content&#8221;][et_pb_column _builder_version=&#8221;4.27.5&#8243; _module_preset=&#8221;default&#8221; type=&#8221;4_4&#8243; theme_builder_area=&#8221;post_content&#8221;][et_pb_text _builder_version=&#8221;4.27.5&#8243; _module_preset=&#8221;default&#8221; theme_builder_area=&#8221;post_content&#8221; hover_enabled=&#8221;0&#8243; sticky_enabled=&#8221;0&#8243; custom_padding=&#8221;||1px|||&#8221; text_font=&#8221;Covered By Your Grace||||||||&#8221; text_font_size=&#8221;70px&#8221; width=&#8221;100%&#8221; header_font_size=&#8221;50px&#8221;]<\/p>\n<h1 style=\"text-align: center;\"><strong>COMISSIONS<\/strong><\/h1>\n<p>[\/et_pb_text][\/et_pb_column][\/et_pb_row][et_pb_row _builder_version=&#8221;4.27.5&#8243; _module_preset=&#8221;default&#8221; theme_builder_area=&#8221;post_content&#8221;][et_pb_column _builder_version=&#8221;4.27.5&#8243; _module_preset=&#8221;default&#8221; type=&#8221;4_4&#8243; theme_builder_area=&#8221;post_content&#8221;][et_pb_text _builder_version=&#8221;4.27.5&#8243; _module_preset=&#8221;default&#8221; theme_builder_area=&#8221;post_content&#8221; hover_enabled=&#8221;0&#8243; sticky_enabled=&#8221;0&#8243;]<\/p>\n<p data-start=\"137\" data-end=\"299\">Si esteu interessats en una <strong data-start=\"165\" data-end=\"192\">comissi\u00f3 personalitzada<\/strong>, aquest \u00e9s el lloc ideal. En aquesta p\u00e0gina hi trobareu les diferents <strong data-start=\"263\" data-end=\"285\">categories i preus<\/strong> que ofereixo.<\/p>\n<p data-start=\"301\" data-end=\"595\">Abans de contactar, <strong data-start=\"321\" data-end=\"335\">si us plau<\/strong>, preneu-vos el temps de llegir atentament els meus <strong data-start=\"387\" data-end=\"410\">Termes i condicions<\/strong>. Em reservo el dret de rebutjar qualsevol enc\u00e0rrec que no compleixi els criteris especificats. En el moment de sol\u00b7licitar una comissi\u00f3, enteneu i accepteu aquests termes i condicions.<\/p>\n<p data-start=\"597\" data-end=\"979\">Tingueu en compte que els <strong data-start=\"623\" data-end=\"677\">enc\u00e0rrecs art\u00edstics poden trigar m\u00e9s d\u2019una setmana<\/strong> a completar-se, ja que el temps de realitzaci\u00f3 dependr\u00e0 de la complexitat de l\u2019obra. En el cas de comissions tradicionals (no digitals), cal afegir-hi tamb\u00e9 el <strong data-start=\"838\" data-end=\"859\">temps d\u2019enviament<\/strong>. Si necessiteu una pe\u00e7a per a una data concreta, \u00e9s important que ho especifiqueu <strong data-start=\"942\" data-end=\"978\">abans de formalitzar la comissi\u00f3<\/strong>.<\/p>\n<p>[\/et_pb_text][\/et_pb_column][\/et_pb_row][\/et_pb_section]<\/p>\n","protected":false},"excerpt":{"rendered":"<p>COMISSIONSSi esteu interessats en una comissi\u00f3 personalitzada, aquest \u00e9s el lloc ideal. En aquesta p\u00e0gina hi trobareu les diferents categories i preus que ofereixo. Abans de contactar, si us plau, preneu-vos el temps de llegir atentament els meus Termes i condicions. Em reservo el dret de rebutjar qualsevol enc\u00e0rrec que no compleixi els criteris especificats. [&hellip;]<\/p>\n","protected":false},"author":1,"featured_media":0,"parent":0,"menu_order":0,"comment_status":"closed","ping_status":"closed","template":"","meta":{"_et_pb_use_builder":"on","_et_pb_old_content":"","_et_gb_content_width":"","footnotes":""},"class_list":["post-172","page","type-page","status-publish","hentry"],"_links":{"self":[{"href":"https:\/\/liyumei.art\/index.php?rest_route=\/wp\/v2\/pages\/172","targetHints":{"allow":["GET"]}}],"collection":[{"href":"https:\/\/liyumei.art\/index.php?rest_route=\/wp\/v2\/pages"}],"about":[{"href":"https:\/\/liyumei.art\/index.php?rest_route=\/wp\/v2\/types\/page"}],"author":[{"embeddable":true,"href":"https:\/\/liyumei.art\/index.php?rest_route=\/wp\/v2\/users\/1"}],"replies":[{"embeddable":true,"href":"https:\/\/liyumei.art\/index.php?rest_route=%2Fwp%2Fv2%2Fcomments&post=172"}],"version-history":[{"count":4,"href":"https:\/\/liyumei.art\/index.php?rest_route=\/wp\/v2\/pages\/172\/revisions"}],"predecessor-version":[{"id":183,"href":"https:\/\/liyumei.art\/index.php?rest_route=\/wp\/v2\/pages\/172\/revisions\/183"}],"wp:attachment":[{"href":"https:\/\/liyumei.art\/index.php?rest_route=%2Fwp%2Fv2%2Fmedia&parent=172"}],"curies":[{"name":"wp","href":"https:\/\/api.w.org\/{rel}","templated":true}]}}